{"id":12,"date":"2023-09-30T20:22:04","date_gmt":"2023-09-30T18:22:04","guid":{"rendered":"https:\/\/slaviaplavani.cz\/?page_id=12"},"modified":"2023-10-01T11:11:00","modified_gmt":"2023-10-01T09:11:00","slug":"o-nas","status":"publish","type":"page","link":"https:\/\/slaviaplavani.cz\/?page_id=12","title":{"rendered":"Historie klubu"},"content":{"rendered":"\n<p>Odd\u00edl plav\u00e1n\u00ed vznikl 24.4.1919 jako samostatn\u00fd odbor SK Slavie, p\u016fvodn\u011b s dv\u011bma pododbory (vodn\u00ed p\u00f3lo a skoky do vody). Z\u00e1vodn\u00edci tehdy tr\u00e9novali i ve Vltav\u011b, nebo nap\u0159. v dnes ji\u017e zpustl\u00e9m baz\u00e9nu pod Barrandovem, proslul\u00e9m velice studenou vodou. Za\u010d\u00e1tkem 60. let byl otev\u0159en plaveck\u00fd stadion v Podol\u00ed a odd\u00edl na\u0161el \u00fato\u010di\u0161t\u011b tam.<br>\u0158\u00edjen 76 zah\u00e1jen zku\u0161ebn\u00ed provoz kryt\u00e9ho plaveck\u00e9ho baz\u00e9nu v are\u00e1lu SK Slavia v Praze &#8211; Vr\u0161ovic\u00edch, 1.7.79 otev\u0159en venkovn\u00ed are\u00e1l s 50m baz\u00e9nem. V t\u00e9 dob\u011b vznik\u00e1 na Slavii dal\u0161\u00ed pododbor plaveck\u00e9ho odd\u00edlu &#8211; synchronizovan\u00e9 plav\u00e1n\u00ed, jedin\u00fd v Praze (v republice dal\u0161\u00ed u\u017e jen v Brn\u011b). Po otev\u0159en\u00ed nov\u00e9ho baz\u00e9nu v Hloub\u011bt\u00edn\u011b (v prvn\u00ed polovin\u011b 80.let) ale akvabely p\u0159e\u0161ly do tohoto nov\u00e9ho baz\u00e9nu a zalo\u017eily zde samostatn\u00fd odd\u00edl, kter\u00fd pod n\u00e1zvem Neptun \u00fasp\u011b\u0161n\u011b funguje dodnes. Tak\u00e9 pododbory skok\u016f do vody a vodn\u00edho p\u00f3la se postupem \u010dasu osamostatnily a za\u010daly pracovat jako samostatn\u00e9 odd\u00edly, a tak dnes na baz\u00e9nu spolupracuj\u00ed pom\u011brn\u011b v souladu t\u0159i samostatn\u00e9 subjekty, zab\u00fdvaj\u00edc\u00ed se baz\u00e9nov\u00fdmi sporty.<br>Prvn\u00ed roky po otev\u0159en\u00ed vr\u0161ovick\u00e9ho baz\u00e9nu byly velmi \u00fasp\u011b\u0161n\u00fdm obdob\u00edm v historii plav\u00e1n\u00ed ve Slavii. V t\u00e9 dob\u011b bylo n\u011bkolik \u010dlen\u016f odd\u00edlu v republikov\u00e9 reprezentaci, nap\u0159. Vladana Nov\u00e1kov\u00e1 (dorosteneck\u00e1 mistryn\u011b republiky), prsa\u0159 Marek Boguszak, Ivana \u0160m\u00eddov\u00e1, Jana Kulh\u00e1nkov\u00e1. Z\u00e1vodn\u00edk\u016fm se v\u011bnovali dva tren\u00e9\u0159i, p\u00e1nov\u00e9 Ji\u0159\u00ed Bu\u0148at a Karel \u0160m\u00edd, p\u0159edsedou odd\u00edlu byl p. Ji\u0159\u00ed Krippner. Pom\u00e1h\u00e1 mnoho dobrovoln\u00fdch spolupracovn\u00edk\u016f.<br>V druh\u00e9 polovin\u011b osmdes\u00e1t\u00fdch let, po odchodu v\u00fd\u0161e uveden\u00fdch z\u00e1vodn\u00edk\u016f plav\u00e1n\u00ed na Slavii pon\u011bkud ustupuje ze sl\u00e1vy. V roce 91 odch\u00e1z\u00ed ze zdravotn\u00edch d\u016fvod\u016f tren\u00e9r \u0160m\u00edd, dva roky nato um\u00edr\u00e1 i dosavadn\u00ed du\u0161e odd\u00edlu, tren\u00e9r Bu\u0148at. V t\u00e9 dob\u011b za\u010d\u00edn\u00e1 zcela nov\u00e1 \u00e9ra na\u0161eho odd\u00edlu.<br>P\u0159edsedkyn\u00ed odd\u00edlu a z\u00e1rove\u0148 jednou ze t\u0159\u00ed tren\u00e9rek se st\u00e1v\u00e1 pan\u00ed Jana Boub\u00ednov\u00e1. Do reprezenta\u010dn\u00edch dru\u017estev od \u017e\u00e1k\u016f a\u017e po dorostence se postupn\u011b za\u0159adili tito plavci Radek Paul\u00edn, V\u011bra Bor\u016fvkov\u00e1\/ tak\u00e9 v d\u00e1lkov\u00e9m plav\u00e1n\u00ed\/, Linda Markov\u00e1, Tereza Hor\u00e1kov\u00e1, Petra Sk\u00e1lov\u00e1, Nikola Ku\u010derov\u00e1 \/ d\u00e1lkov\u00e9 plav\u00e1n\u00ed\/, Veronika Boub\u00ednov\u00e1. V\u0161ichni reprezentovali na\u0161i republiku a z\u00e1rove\u0148 i n\u00e1\u0161 odd\u00edl na r\u016fzn\u00fdch mezin\u00e1rodn\u00edch z\u00e1vodech. Z\u00e1rove\u0148 byli medailisty a n\u011bkte\u0159\u00ed i mistry \u010cesk\u00e9 republiky.<br>V nov\u00e9m tis\u00edcilet\u00ed, tedy i dnes, reprezentuje na\u0161i republiku, zat\u00edm je\u0161t\u011b dorostenec, Zden\u011bk Franti\u0161\u00e1k.\u00dasp\u011b\u0161n\u00fdm seniorem je i Martin Stehl\u00edk, odchovanec pana Bu\u0148ata. Na n\u011bkolik let si odsko\u010dil k triatlonu a pak se zase vr\u00e1til k plav\u00e1n\u00ed. Posledn\u00ed dva roky voz\u00ed z mistrovstv\u00ed republiky medaile.<br>Dnes m\u00e1me p\u0159ibli\u017en\u011b 180 \u010dlen\u016f odd\u00edlu od veter\u00e1n\u016f a\u017e po nejmlad\u0161\u00ed \u017e\u00e1ky. Nejstar\u0161\u00ed dru\u017estvo m\u00e1 na starosti p\u00ed. Ko\u010dovsk\u00e1. Dal\u0161\u00ed dru\u017estva jsou p\u0159ibli\u017en\u011b rozd\u011blena podle ro\u010dn\u00edku narozen\u00ed: 86 \u2013 87 p\u00ed. Boub\u00ednov\u00e1, 88 \u2013 89 p.Swaczyna a sl. Bare\u0161ov\u00e1, 90 \u2013 91 p. Ko\u010dovsk\u00fd, 92 \u2013 93 p\u00ed. Sou\u010dkov\u00e1 a p\u0159\u00edpravku vede p.Hofer s p\u00ed. Str\u00e1nskou.<\/p>\n","protected":false},"excerpt":{"rendered":"<p>Odd\u00edl plav\u00e1n\u00ed vznikl 24.4.1919 jako samostatn\u00fd odbor SK Slavie, p\u016fvodn\u011b s dv\u011bma pododbory (vodn\u00ed p\u00f3lo a skoky do vody). Z\u00e1vodn\u00edci tehdy tr\u00e9novali i ve Vltav\u011b, nebo nap\u0159. v dnes ji\u017e zpustl\u00e9m baz\u00e9nu pod Barrandovem, proslul\u00e9m velice studenou vodou. Za\u010d\u00e1tkem 60. let byl otev\u0159en plaveck\u00fd stadion v Podol\u00ed a odd\u00edl na\u0161el \u00fato\u010di\u0161t\u011b tam.\u0158\u00edjen 76 zah\u00e1jen zku\u0161ebn\u00ed [&hellip;]<\/p>\n","protected":false},"author":1,"featured_media":0,"parent":0,"menu_order":0,"comment_status":"closed","ping_status":"closed","template":"","meta":{"om_disable_all_campaigns":false,"_monsterinsights_skip_tracking":false,"_monsterinsights_sitenote_active":false,"_monsterinsights_sitenote_note":"","_monsterinsights_sitenote_category":0,"footnotes":""},"aioseo_notices":[],"_links":{"self":[{"href":"https:\/\/slaviaplavani.cz\/index.php?rest_route=\/wp\/v2\/pages\/12"}],"collection":[{"href":"https:\/\/slaviaplavani.cz\/index.php?rest_route=\/wp\/v2\/pages"}],"about":[{"href":"https:\/\/slaviaplavani.cz\/index.php?rest_route=\/wp\/v2\/types\/page"}],"author":[{"embeddable":true,"href":"https:\/\/slaviaplavani.cz\/index.php?rest_route=\/wp\/v2\/users\/1"}],"replies":[{"embeddable":true,"href":"https:\/\/slaviaplavani.cz\/index.php?rest_route=%2Fwp%2Fv2%2Fcomments&post=12"}],"version-history":[{"count":3,"href":"https:\/\/slaviaplavani.cz\/index.php?rest_route=\/wp\/v2\/pages\/12\/revisions"}],"predecessor-version":[{"id":59,"href":"https:\/\/slaviaplavani.cz\/index.php?rest_route=\/wp\/v2\/pages\/12\/revisions\/59"}],"wp:attachment":[{"href":"https:\/\/slaviaplavani.cz\/index.php?rest_route=%2Fwp%2Fv2%2Fmedia&parent=12"}],"curies":[{"name":"wp","href":"https:\/\/api.w.org\/{rel}","templated":true}]}}