{"id":13,"date":"2023-09-30T20:22:04","date_gmt":"2023-09-30T18:22:04","guid":{"rendered":"https:\/\/slaviaplavani.cz\/?page_id=13"},"modified":"2025-09-11T16:33:04","modified_gmt":"2025-09-11T14:33:04","slug":"kontakt","status":"publish","type":"page","link":"https:\/\/slaviaplavani.cz\/?page_id=13","title":{"rendered":"Kontakt"},"content":{"rendered":"\n<h2 class=\"wp-block-heading\">Mgr. Jana Boub\u00ednov\u00e1<\/h2>\n\n\n\n<ul>\n<li>p\u0159edsedkyn\u011b klubu a tren\u00e9rka<\/li>\n\n\n\n<li><a href=\"mailto:boubinova.j@seznam.cz\">boubinova.j@seznam.cz<\/a>; <a href=\"mailto:sksplavani@seznam.cz\">sksplavani@seznam.cz<\/a><\/li>\n\n\n\n<li>tel.: 604 572 799<\/li>\n\n\n\n<li>kancel\u00e1\u0159 se nach\u00e1z\u00ed ve vestibulu baz\u00e9nu<\/li>\n<\/ul>\n\n\n\n<p><\/p>\n\n\n\n<p>Kontakt na tren\u00e9ry jednotliv\u00fdch dru\u017estev viz <a href=\"https:\/\/slaviaplavani.cz\/?page_id=14\" title=\"\">Dru\u017estva<\/a><\/p>\n\n\n\n<h2 class=\"wp-block-heading\">Adresa<\/h2>\n\n\n\n<ul>\n<li>Vladivostock\u00e1 1460\/10<\/li>\n\n\n\n<li>100 00, Praha 10<\/li>\n<\/ul>\n\n\n\n<h2 class=\"wp-block-heading\">Mapa<\/h2>\n\n\n\n<p><iframe src=\"https:\/\/www.google.com\/maps\/embed?pb=!1m18!1m12!1m3!1d4497.62367390873!2d14.47327202159973!3d50.06903534233202!2m3!1f0!2f0!3f0!3m2!1i1024!2i768!4f13.1!3m3!1m2!1s0x470b937359d4bf7d%3A0xac4a710b10edbdb!2sVladivostock%C3%A1%201460%2F10%2C%20100%2000%20Praha%2010-Vr%C5%A1ovice!5e0!3m2!1scs!2scz!4v1706384177492!5m2!1scs!2scz\" width=\"600\" height=\"450\" style=\"border:0;\" allowfullscreen=\"\" loading=\"lazy\" referrerpolicy=\"no-referrer-when-downgrade\"><\/iframe><\/p>\n\n\n\n<p><\/p>\n\n\n\n<p><\/p>\n","protected":false},"excerpt":{"rendered":"<p>Mgr. Jana Boub\u00ednov\u00e1 Kontakt na tren\u00e9ry jednotliv\u00fdch dru\u017estev viz Dru\u017estva Adresa Mapa<\/p>\n","protected":false},"author":1,"featured_media":0,"parent":0,"menu_order":0,"comment_status":"closed","ping_status":"closed","template":"","meta":{"om_disable_all_campaigns":false,"_monsterinsights_skip_tracking":false,"_monsterinsights_sitenote_active":false,"_monsterinsights_sitenote_note":"","_monsterinsights_sitenote_category":0,"footnotes":""},"aioseo_notices":[],"_links":{"self":[{"href":"https:\/\/slaviaplavani.cz\/index.php?rest_route=\/wp\/v2\/pages\/13"}],"collection":[{"href":"https:\/\/slaviaplavani.cz\/index.php?rest_route=\/wp\/v2\/pages"}],"about":[{"href":"https:\/\/slaviaplavani.cz\/index.php?rest_route=\/wp\/v2\/types\/page"}],"author":[{"embeddable":true,"href":"https:\/\/slaviaplavani.cz\/index.php?rest_route=\/wp\/v2\/users\/1"}],"replies":[{"embeddable":true,"href":"https:\/\/slaviaplavani.cz\/index.php?rest_route=%2Fwp%2Fv2%2Fcomments&post=13"}],"version-history":[{"count":8,"href":"https:\/\/slaviaplavani.cz\/index.php?rest_route=\/wp\/v2\/pages\/13\/revisions"}],"predecessor-version":[{"id":602,"href":"https:\/\/slaviaplavani.cz\/index.php?rest_route=\/wp\/v2\/pages\/13\/revisions\/602"}],"wp:attachment":[{"href":"https:\/\/slaviaplavani.cz\/index.php?rest_route=%2Fwp%2Fv2%2Fmedia&parent=13"}],"curies":[{"name":"wp","href":"https:\/\/api.w.org\/{rel}","templated":true}]}}