{"id":14,"date":"2023-09-30T20:22:04","date_gmt":"2023-09-30T18:22:04","guid":{"rendered":"https:\/\/slaviaplavani.cz\/?page_id=14"},"modified":"2026-02-06T14:17:37","modified_gmt":"2026-02-06T13:17:37","slug":"blog","status":"publish","type":"page","link":"https:\/\/slaviaplavani.cz\/?page_id=14","title":{"rendered":"Tr\u00e9ninky"},"content":{"rendered":"\n<p><\/p>\n\n\n\n<p><strong>Dru\u017estvo A<\/strong> &#8211; tren\u00e9rka Daniela V\u00e1vrov\u00e1<\/p>\n\n\n\n<div class=\"wp-block-group is-layout-constrained wp-block-group-is-layout-constrained\"><div class=\"wp-block-group__inner-container\">\n<figure class=\"wp-block-table\"><table><tbody><tr><td>Den<\/td><td>\u010cas<\/td><td><\/td><\/tr><tr><td>&nbsp;Pond\u011bl\u00ed<\/td><td>6:00 &#8211; 7:30<\/td><td><\/td><\/tr><tr><td>&nbsp;<\/td><td>16:00 &#8211; 18:00<\/td><td><\/td><\/tr><tr><td>\u00dater\u00fd<\/td><td>6:00 &#8211; 7:30<\/td><td><\/td><\/tr><tr><td>&nbsp;<\/td><td>16:00 &#8211; 17:00*<\/td><td>*posilovna<\/td><\/tr><tr><td>&nbsp;<\/td><td>18:00 &#8211; 20:00<\/td><td><\/td><\/tr><tr><td>&nbsp;St\u0159eda<\/td><td>6:00 &#8211; 7:30<\/td><td><\/td><\/tr><tr><td><\/td><td>15:00 &#8211; 17:00<\/td><td><\/td><\/tr><tr><td>\u010ctvrtek<\/td><td>6:00 &#8211; 7:30<\/td><td><\/td><\/tr><tr><td>&nbsp;<\/td><td>18:00 &#8211; 20:00<\/td><td><\/td><\/tr><tr><td>P\u00e1tek<\/td><td>14:00 &#8211; 17:00<\/td><td><\/td><\/tr><\/tbody><\/table><\/figure>\n<\/div><\/div>\n\n\n\n<p><strong>Dru\u017estvo B<\/strong> &#8211; tren\u00e9r Filip Brejla<\/p>\n\n\n\n<figure class=\"wp-block-table\"><table><tbody><tr><td>Den<\/td><td>\u010cas<\/td><td><\/td><\/tr><tr><td>Pond\u011bl\u00ed<\/td><td>16:00 &#8211; 18:00<\/td><td><\/td><\/tr><tr><td>\u00dater\u00fd<\/td><td>15:00 &#8211; 16:00<\/td><td><\/td><\/tr><tr><td>&nbsp;<\/td><td>16:00 &#8211; 17:00 <\/td><td>&nbsp;na \u0161\u00ed\u0159ku<\/td><\/tr><tr><td>St\u0159eda<\/td><td>15:00 &#8211; 17:00<\/td><td><\/td><\/tr><tr><td>\u010ctvrtek<\/td><td>neplaveme<\/td><td><\/td><\/tr><tr><td>P\u00e1tek<\/td><td>14:00 &#8211; 17:00<\/td><td><\/td><\/tr><\/tbody><\/table><\/figure>\n\n\n\n<p><strong>Dru\u017estvo C<\/strong>&#8211; tren\u00e9\u0159i Anna a Vojt\u011bch Cihl\u00e1\u0159ovi<\/p>\n\n\n\n<figure class=\"wp-block-table\"><table><tbody><tr><td>Den<\/td><td>\u010cas<\/td><td><\/td><\/tr><tr><td>Pond\u011bl\u00ed<\/td><td>16:00 &#8211; 17:00<\/td><td><\/td><\/tr><tr><td>\u00dater\u00fd<\/td><td>15:00 &#8211; 16:00<\/td><td><\/td><\/tr><tr><td>&nbsp;<\/td><td>16:00 &#8211; 17:00 <\/td><td>&nbsp;na \u0161\u00ed\u0159ku<\/td><\/tr><tr><td>St\u0159eda<\/td><td>15:00 &#8211; 17:00<\/td><td><\/td><\/tr><tr><td>\u010ctvrtek<\/td><td>zat\u00edm neplaveme<\/td><td><\/td><\/tr><tr><td>P\u00e1tek<\/td><td>14:00 &#8211; 17:00<\/td><td><\/td><\/tr><\/tbody><\/table><\/figure>\n\n\n\n<p><strong>Dru\u017estvo D &#8211; P\u0159\u00edpravka <\/strong>&#8211; tren\u00e9rka Jana Boub\u00ednov\u00e1<\/p>\n\n\n\n<figure class=\"wp-block-table\"><table><tbody><tr><td>Den<\/td><td>\u010cas<\/td><td><\/td><\/tr><tr><td>Pond\u011bl\u00ed<\/td><td>16:00 &#8211; 17:00<\/td><td><\/td><\/tr><tr><td>\u00dater\u00fd<\/td><td>15:00 &#8211; 16:00<\/td><td>&nbsp;<\/td><\/tr><tr><td>&nbsp;<\/td><td>&nbsp;16:00 &#8211; 17:00<\/td><td>&nbsp;na \u0161\u00ed\u0159ku<\/td><\/tr><tr><td>St\u0159eda<\/td><td>15:00 &#8211; 17:00<\/td><td><\/td><\/tr><tr><td>\u010ctvrtek<\/td><td>neplaveme<\/td><td>&nbsp;<\/td><\/tr><tr><td>P\u00e1tek<\/td><td>14:00 &#8211; 15:00<\/td><td><\/td><\/tr><tr><td>&nbsp;<\/td><td>&nbsp;16:00 &#8211; 17:00<\/td><td>&nbsp;<\/td><\/tr><\/tbody><\/table><\/figure>\n","protected":false},"excerpt":{"rendered":"<p>Dru\u017estvo A &#8211; tren\u00e9rka Daniela V\u00e1vrov\u00e1 Den \u010cas &nbsp;Pond\u011bl\u00ed 6:00 &#8211; 7:30 &nbsp; 16:00 &#8211; 18:00 \u00dater\u00fd 6:00 &#8211; 7:30 &nbsp; 16:00 &#8211; 17:00* *posilovna &nbsp; 18:00 &#8211; 20:00 &nbsp;St\u0159eda 6:00 &#8211; 7:30 15:00 &#8211; 17:00 \u010ctvrtek 6:00 &#8211; 7:30 &nbsp; 18:00 &#8211; 20:00 P\u00e1tek 14:00 &#8211; 17:00 Dru\u017estvo B &#8211; tren\u00e9r Filip Brejla Den [&hellip;]<\/p>\n","protected":false},"author":1,"featured_media":0,"parent":0,"menu_order":0,"comment_status":"closed","ping_status":"closed","template":"","meta":{"om_disable_all_campaigns":false,"_monsterinsights_skip_tracking":false,"_monsterinsights_sitenote_active":false,"_monsterinsights_sitenote_note":"","_monsterinsights_sitenote_category":0,"footnotes":""},"aioseo_notices":[],"_links":{"self":[{"href":"https:\/\/slaviaplavani.cz\/index.php?rest_route=\/wp\/v2\/pages\/14"}],"collection":[{"href":"https:\/\/slaviaplavani.cz\/index.php?rest_route=\/wp\/v2\/pages"}],"about":[{"href":"https:\/\/slaviaplavani.cz\/index.php?rest_route=\/wp\/v2\/types\/page"}],"author":[{"embeddable":true,"href":"https:\/\/slaviaplavani.cz\/index.php?rest_route=\/wp\/v2\/users\/1"}],"replies":[{"embeddable":true,"href":"https:\/\/slaviaplavani.cz\/index.php?rest_route=%2Fwp%2Fv2%2Fcomments&post=14"}],"version-history":[{"count":55,"href":"https:\/\/slaviaplavani.cz\/index.php?rest_route=\/wp\/v2\/pages\/14\/revisions"}],"predecessor-version":[{"id":808,"href":"https:\/\/slaviaplavani.cz\/index.php?rest_route=\/wp\/v2\/pages\/14\/revisions\/808"}],"wp:attachment":[{"href":"https:\/\/slaviaplavani.cz\/index.php?rest_route=%2Fwp%2Fv2%2Fmedia&parent=14"}],"curies":[{"name":"wp","href":"https:\/\/api.w.org\/{rel}","templated":true}]}}