{"id":186,"date":"2024-01-27T20:54:33","date_gmt":"2024-01-27T19:54:33","guid":{"rendered":"https:\/\/slaviaplavani.cz\/?page_id=186"},"modified":"2026-02-05T15:56:09","modified_gmt":"2026-02-05T14:56:09","slug":"druzstva","status":"publish","type":"page","link":"https:\/\/slaviaplavani.cz\/?page_id=186","title":{"rendered":"Dru\u017estva"},"content":{"rendered":"\n<p><\/p>\n\n\n\n<h2 class=\"wp-block-heading has-vivid-green-cyan-color has-text-color\">Dru\u017estvo A<\/h2>\n\n\n\n<figure class=\"wp-block-table\"><table><tbody><tr><td>Tren\u00e9rka<\/td><td>Daniela V\u00e1vrov\u00e1<br>+ asistuj\u00edc\u00ed tren\u00e9\u0159i pro rann\u00ed tr\u00e9ninky<\/td><\/tr><tr><td>Email<\/td><td>danca.vavrova@email.cz<\/td><\/tr><tr><td>Telefon<\/td><td>776&nbsp;574&nbsp;584<\/td><\/tr><tr><td>Kdy plaveme<\/td><td>pond\u011bl\u00ed &#8211; p\u00e1tek <\/td><\/tr><\/tbody><\/table><\/figure>\n\n\n\n<h2 class=\"wp-block-heading has-vivid-cyan-blue-color has-text-color\">Dru\u017estvo B<\/h2>\n\n\n\n<figure class=\"wp-block-table\"><table><tbody><tr><td>Tren\u00e9r<\/td><td>Filip Brejla<\/td><\/tr><tr><td>Email<\/td><td>plavcik@email.cz, <\/td><\/tr><tr><td>Telefon<\/td><td>602 607 121<\/td><\/tr><tr><td>Kdy plaveme<\/td><td>pond\u011bl\u00ed &#8211; st\u0159eda, p\u00e1tek<\/td><\/tr><\/tbody><\/table><\/figure>\n\n\n\n<h2 class=\"wp-block-heading\">Dru\u017estvo C<\/h2>\n\n\n\n<figure class=\"wp-block-table\"><table><tbody><tr><td>Tren\u00e9\u0159i<\/td><td>Anna Cihl\u00e1\u0159ov\u00e1, Vojt\u011bch Cihl\u00e1\u0159<\/td><\/tr><tr><td>Email<\/td><td>bude dopln\u011bno<\/td><\/tr><tr><td>Telefon<\/td><td>\u00a0732 363 289 (A.C.), 739 864 851 (V.C)<\/td><\/tr><tr><td>Kdy plaveme<\/td><td>Po: 16:00 &#8211; 17:00, \u00dat: 15:00 &#8211; 17:00, St: 15:00 &#8211; 17:00, \u010ct: zat\u00edm neplaveme P\u00e1: 14:00 &#8211; 17:00<\/td><\/tr><\/tbody><\/table><\/figure>\n\n\n\n<h2 class=\"wp-block-heading has-vivid-red-color has-text-color\">Dru\u017estvo D &#8211; p\u0159\u00edpravka <\/h2>\n\n\n\n<p><\/p>\n\n\n\n<figure class=\"wp-block-table\"><table><tbody><tr><td class=\"has-text-align-left\" data-align=\"left\"><br>Tren\u00e9\u0159i<\/td><td>Jana Boub\u00ednov\u00e1<\/td><\/tr><tr><td class=\"has-text-align-left\" data-align=\"left\">Email<\/td><td>boubinova.j@seznam.cz; sksplavani@seznam.cz<\/td><\/tr><tr><td class=\"has-text-align-left\" data-align=\"left\">Telefon<\/td><td>604 572 799<\/td><\/tr><tr><td class=\"has-text-align-left\" data-align=\"left\">Kdy plaveme<\/td><td>pond\u011bl\u00ed 16:00 &#8211; 17:00, \u00fater\u00fd 15:00 &#8211; 16:00 a 16:00 &#8211; 17:00, st\u0159eda 15:00 &#8211; 17:00, p\u00e1tek 14:00 &#8211; 15:00 a 16:00 &#8211; 17:00<\/td><\/tr><\/tbody><\/table><figcaption class=\"wp-element-caption\"> <\/figcaption><\/figure>\n\n\n\n<p><\/p>\n\n\n\n<p><\/p>\n","protected":false},"excerpt":{"rendered":"<p>Dru\u017estvo A Tren\u00e9rka Daniela V\u00e1vrov\u00e1+ asistuj\u00edc\u00ed tren\u00e9\u0159i pro rann\u00ed tr\u00e9ninky Email danca.vavrova@email.cz Telefon 776&nbsp;574&nbsp;584 Kdy plaveme pond\u011bl\u00ed &#8211; p\u00e1tek Dru\u017estvo B Tren\u00e9r Filip Brejla Email plavcik@email.cz, Telefon 602 607 121 Kdy plaveme pond\u011bl\u00ed &#8211; st\u0159eda, p\u00e1tek Dru\u017estvo C Tren\u00e9\u0159i Anna Cihl\u00e1\u0159ov\u00e1, Vojt\u011bch Cihl\u00e1\u0159 Email bude dopln\u011bno Telefon \u00a0732 363 289 (A.C.), 739 864 851 (V.C) [&hellip;]<\/p>\n","protected":false},"author":1,"featured_media":0,"parent":0,"menu_order":0,"comment_status":"closed","ping_status":"closed","template":"","meta":{"om_disable_all_campaigns":false,"_monsterinsights_skip_tracking":false,"_monsterinsights_sitenote_active":false,"_monsterinsights_sitenote_note":"","_monsterinsights_sitenote_category":0,"footnotes":""},"aioseo_notices":[],"_links":{"self":[{"href":"https:\/\/slaviaplavani.cz\/index.php?rest_route=\/wp\/v2\/pages\/186"}],"collection":[{"href":"https:\/\/slaviaplavani.cz\/index.php?rest_route=\/wp\/v2\/pages"}],"about":[{"href":"https:\/\/slaviaplavani.cz\/index.php?rest_route=\/wp\/v2\/types\/page"}],"author":[{"embeddable":true,"href":"https:\/\/slaviaplavani.cz\/index.php?rest_route=\/wp\/v2\/users\/1"}],"replies":[{"embeddable":true,"href":"https:\/\/slaviaplavani.cz\/index.php?rest_route=%2Fwp%2Fv2%2Fcomments&post=186"}],"version-history":[{"count":24,"href":"https:\/\/slaviaplavani.cz\/index.php?rest_route=\/wp\/v2\/pages\/186\/revisions"}],"predecessor-version":[{"id":803,"href":"https:\/\/slaviaplavani.cz\/index.php?rest_route=\/wp\/v2\/pages\/186\/revisions\/803"}],"wp:attachment":[{"href":"https:\/\/slaviaplavani.cz\/index.php?rest_route=%2Fwp%2Fv2%2Fmedia&parent=186"}],"curies":[{"name":"wp","href":"https:\/\/api.w.org\/{rel}","templated":true}]}}