{"id":235,"date":"2024-02-11T17:03:51","date_gmt":"2024-02-11T16:03:51","guid":{"rendered":"https:\/\/slaviaplavani.cz\/?page_id=235"},"modified":"2025-08-25T12:41:11","modified_gmt":"2025-08-25T10:41:11","slug":"slavisti","status":"publish","type":"page","link":"https:\/\/slaviaplavani.cz\/?page_id=235","title":{"rendered":"Zdravotn\u00ed prohl\u00eddky"},"content":{"rendered":"\n<p>V\u0161ichni \u010dlenov\u00e9 odd\u00edlu mus\u00ed m\u00edt platnou zdravotn\u00ed prohl\u00eddku, kter\u00e1 vylou\u010d\u00ed p\u0159\u00edpadn\u00e9 skryt\u00e9 zdravotn\u00ed komplikace.<\/p>\n\n\n\n<p>Bez platn\u00e9 zdravotn\u00ed prohl\u00eddky nen\u00ed mo\u017en\u00e9 \u00fa\u010dastnit se plaveck\u00fdch z\u00e1vod\u016f!<\/p>\n\n\n\n<p>Plavc\u016fm mlad\u0161\u00edm 10 let v\u010detn\u011b sta\u010d\u00ed potvrzen\u00ed od jejich praktick\u00e9ho l\u00e9ka\u0159e, star\u0161\u00ed z\u00e1vodn\u00edci pot\u0159ebuj\u00ed potvrzen\u00ed od l\u00e9ka\u0159e sportovn\u00edho.<\/p>\n\n\n\n<p>Je mo\u017en\u00e9 pou\u017e\u00edt p\u0159ilo\u017een\u00fd formul\u00e1\u0159 nebo dodat l\u00e9ka\u0159skou zpr\u00e1vu od doktora.<\/p>\n\n\n\n<div class=\"wp-block-file\"><object class=\"wp-block-file__embed\" data=\"https:\/\/slaviaplavani.cz\/wp-content\/uploads\/2024\/10\/SportovniLekar_Formular.pdf\" type=\"application\/pdf\" style=\"width:100%;height:600px\" aria-label=\"Embed of SportovniLekar_Formular.\"><\/object><a id=\"wp-block-file--media-6167e01a-01ac-4227-9d94-755f356f4881\" href=\"https:\/\/slaviaplavani.cz\/wp-content\/uploads\/2024\/10\/SportovniLekar_Formular.pdf\">SportovniLekar_Formular<\/a><a href=\"https:\/\/slaviaplavani.cz\/wp-content\/uploads\/2024\/10\/SportovniLekar_Formular.pdf\" class=\"wp-block-file__button wp-element-button\" download aria-describedby=\"wp-block-file--media-6167e01a-01ac-4227-9d94-755f356f4881\">Download<\/a><\/div>\n","protected":false},"excerpt":{"rendered":"<p>V\u0161ichni \u010dlenov\u00e9 odd\u00edlu mus\u00ed m\u00edt platnou zdravotn\u00ed prohl\u00eddku, kter\u00e1 vylou\u010d\u00ed p\u0159\u00edpadn\u00e9 skryt\u00e9 zdravotn\u00ed komplikace. Bez platn\u00e9 zdravotn\u00ed prohl\u00eddky nen\u00ed mo\u017en\u00e9 \u00fa\u010dastnit se plaveck\u00fdch z\u00e1vod\u016f! Plavc\u016fm mlad\u0161\u00edm 10 let v\u010detn\u011b sta\u010d\u00ed potvrzen\u00ed od jejich praktick\u00e9ho l\u00e9ka\u0159e, star\u0161\u00ed z\u00e1vodn\u00edci pot\u0159ebuj\u00ed potvrzen\u00ed od l\u00e9ka\u0159e sportovn\u00edho. Je mo\u017en\u00e9 pou\u017e\u00edt p\u0159ilo\u017een\u00fd formul\u00e1\u0159 nebo dodat l\u00e9ka\u0159skou zpr\u00e1vu od doktora.<\/p>\n","protected":false},"author":1,"featured_media":0,"parent":0,"menu_order":0,"comment_status":"closed","ping_status":"closed","template":"","meta":{"om_disable_all_campaigns":false,"_monsterinsights_skip_tracking":false,"_monsterinsights_sitenote_active":false,"_monsterinsights_sitenote_note":"","_monsterinsights_sitenote_category":0,"footnotes":""},"aioseo_notices":[],"_links":{"self":[{"href":"https:\/\/slaviaplavani.cz\/index.php?rest_route=\/wp\/v2\/pages\/235"}],"collection":[{"href":"https:\/\/slaviaplavani.cz\/index.php?rest_route=\/wp\/v2\/pages"}],"about":[{"href":"https:\/\/slaviaplavani.cz\/index.php?rest_route=\/wp\/v2\/types\/page"}],"author":[{"embeddable":true,"href":"https:\/\/slaviaplavani.cz\/index.php?rest_route=\/wp\/v2\/users\/1"}],"replies":[{"embeddable":true,"href":"https:\/\/slaviaplavani.cz\/index.php?rest_route=%2Fwp%2Fv2%2Fcomments&post=235"}],"version-history":[{"count":10,"href":"https:\/\/slaviaplavani.cz\/index.php?rest_route=\/wp\/v2\/pages\/235\/revisions"}],"predecessor-version":[{"id":579,"href":"https:\/\/slaviaplavani.cz\/index.php?rest_route=\/wp\/v2\/pages\/235\/revisions\/579"}],"wp:attachment":[{"href":"https:\/\/slaviaplavani.cz\/index.php?rest_route=%2Fwp%2Fv2%2Fmedia&parent=235"}],"curies":[{"name":"wp","href":"https:\/\/api.w.org\/{rel}","templated":true}]}}