{"id":64,"date":"2023-10-22T12:30:09","date_gmt":"2023-10-22T10:30:09","guid":{"rendered":"https:\/\/slaviaplavani.cz\/?page_id=64"},"modified":"2026-01-06T22:01:39","modified_gmt":"2026-01-06T21:01:39","slug":"zavody","status":"publish","type":"page","link":"https:\/\/slaviaplavani.cz\/?page_id=64","title":{"rendered":"Z\u00e1vody"},"content":{"rendered":"\n<h2 class=\"wp-block-heading\">Term\u00ednov\u00e1 listina JARO 2026<\/h2>\n\n\n\n<ul>\n<li>Tu\u010dn\u011b v\u00fdrazn\u011bn\u00e9 jsou d\u016fle\u017eit\u00e9 z\u00e1vody &#8211; Krajsk\u00e9 p\u0159ebory (\u017eactva) a mistrovsk\u00e9 sout\u011b\u017ee<\/li>\n<\/ul>\n\n\n\n<p>Podrobn\u011bj\u0161\u00ed informace o z\u00e1vodech mo\u017en\u00e9 naj\u00edt zde: <a href=\"https:\/\/vysledky.czechswimming.cz\/souteze\" target=\"_blank\" rel=\"noopener\" title=\"Term\u00ednov\u00e1 listina na str\u00e1nk\u00e1ch \u010cSPS\">Term\u00ednov\u00e1 listina na str\u00e1nk\u00e1ch \u010cSPS<\/a><\/p>\n\n\n\n<p><\/p>\n\n\n\n<figure class=\"wp-block-table\"><table><thead><tr><th>Datum<\/th><th>Jm\u00e9no<\/th><th>Baz\u00e9n<\/th><th>M\u00edsto<\/th><th>V\u011bkov\u00e1 kategorie<\/th><\/tr><\/thead><tbody><tr><td>10.01.2026<\/td><td>Neratovick\u00fd poh\u00e1r<\/td><td>25 m<\/td><td>Neratovice<\/td><td>2016 a star\u0161\u00ed<\/td><\/tr><tr><td>17.01.2026<\/td><td>Vajgarsk\u00fd sn\u011bhul\u00e1k<\/td><td>25 m <\/td><td>Jind\u0159ich\u016fv Hradec<\/td><td><\/td><\/tr><tr><td>17.01.2026<\/td><td>Mladoboleslavsk\u00e1 vlnka<\/td><td>25<\/td><td>Mlad\u00e1 Boleslav<\/td><td>2014 a mlad\u0161\u00ed<\/td><\/tr><tr><td>24.01.2026<\/td><td>M\u010cR dru\u017estev &#8211; krajsk\u00e9 kolo<\/td><td>25 m<\/td><td>Praha &#8211; Radlice<\/td><td>v\u00fdb\u011br z hlavn\u00edho dru\u017estva<\/td><\/tr><tr><td>14.02.2026<\/td><td>Mal\u00e1 cena Chodska<\/td><td>25 m<\/td><td>Aquacentrum Doma\u017elice<\/td><td><\/td><\/tr><tr><td>20.02.2026<\/td><td>Plze\u0148sk\u00fd vytrvalec<\/td><td>50 m<\/td><td>Plze\u0148 &#8211; Slovany<\/td><td><\/td><\/tr><tr><td>28.02.2026 &#8211; 01.03.2026<\/td><td>M\u010cR dru\u017estev fin\u00e1le<\/td><td>50 m<\/td><td>Praha &#8211; Podol\u00ed <\/td><td><\/td><\/tr><tr><td>28.02.2026 &#8211; 01.03.2026<\/td><td>\u010cESK\u00c9 BUD\u011aJOVICE 2026<\/td><td>50 m<\/td><td>\u010cesk\u00e9 Bud\u011bjovice<\/td><td><\/td><\/tr><tr><td>14.03.2026<\/td><td>Ko\u0161a\u0159\u016fv memori\u00e1l<\/td><td>25 m<\/td><td>Plze\u0148 &#8211; Kozinova 3<\/td><td><\/td><\/tr><tr><td>21.03.2026<\/td><td>Velikono\u010dn\u00ed z\u00e1vody<\/td><td>25 m<\/td><td>Praha &#8211; Radlice<\/td><td><\/td><\/tr><tr><td>21.03.2026<\/td><td>Cena TJ Bi\u017euterie a m\u011bsta Jablonce n. N.<\/td><td>25 m<\/td><td>Jablonec nad Nisou<\/td><td><\/td><\/tr><tr><td>27.03.2026 &#8211; 29.03.2026<\/td><td>Velk\u00e1 cena \u00dast\u00ed nad Labem 2026 &#8211; 11.ro\u010dn\u00edk<\/td><td>50 m <\/td><td>\u00dast\u00ed nad Labem &#8211; Plaveck\u00e1 hala Kl\u00ed\u0161e<\/td><td><\/td><\/tr><tr><td>11.04.2026 <\/td><td>Jarn\u00ed cena Prahy<\/td><td>50 m<\/td><td>Praha &#8211; Podol\u00ed<\/td><td><\/td><\/tr><tr><td><strong>18.04.2026<\/strong><\/td><td><strong>DRoP cup<\/strong><\/td><td><strong>25 m<\/strong><\/td><td><strong>Praha &#8211; Zelen\u00fd pruh<\/strong><\/td><td><\/td><\/tr><tr><td><strong>18.04.2026<\/strong><\/td><td><strong>KP\u017d nejmlad\u0161\u00edho \u017eactva<\/strong><\/td><td><strong>25 m<\/strong><\/td><td><strong>Praha &#8211; Zelen\u00fd pruh<\/strong><\/td><td><strong>2017  a mlad\u0161\u00ed<\/strong><\/td><\/tr><tr><td>1<strong>9.04.2026<\/strong><\/td><td><strong>KP\u017d dlouh\u00e9 trat\u011b<\/strong><\/td><td><strong>25 m<\/strong><\/td><td><strong>Praha &#8211; Zelen\u00fd pruh<\/strong><\/td><td><\/td><\/tr><tr><td><strong>24.04.2026 &#8211; 25.04.2026<\/strong><\/td><td><strong>KPDD Praha + St\u0159edn\u00ed \u010cechy<\/strong><\/td><td><strong>50<\/strong> <strong>m<\/strong><\/td><td><strong>Praha &#8211; Podol\u00ed<\/strong><\/td><td><\/td><\/tr><tr><td>25.04.2026<\/td><td>Memori\u00e1l Jaroslava Jezbery<\/td><td>25 m<\/td><td>Chomutov<\/td><td><\/td><\/tr><tr><td>08.05.2026<\/td><td>M\u00e1jov\u00fd v\u00edceboj<\/td><td>25 m<\/td><td>Praha &#8211; Radlice<\/td><td><\/td><\/tr><tr><td>08.05.2026 &#8211; 10.05.2026<\/td><td>VC Pardubic &#8211; \u010cesk\u00fd poh\u00e1r ARENA Cup &#8211; 2.kolo<\/td><td>50 m<\/td><td>Pardubice<\/td><td><\/td><\/tr><tr><td>2<strong>2.05.2026 &#8211; 23.05.2026<\/strong><\/td><td><strong>Jarn\u00ed Krajsk\u00fd p\u0159ebor \u017eactva 2012-14 &#8211; Praha<\/strong><\/td><td><strong>25 m <\/strong><\/td><td><strong>Praha &#8211; Radlice<\/strong><\/td><td><strong>2012 &#8211; 2014<\/strong><\/td><\/tr><tr><td><strong>24.05.2026<\/strong><\/td><td><strong>Jarn\u00ed Krajsk\u00fd p\u0159ebor \u017eactva 2015-16 &#8211; Praha<\/strong><\/td><td><strong>25 m<\/strong><\/td><td><strong>Praha &#8211; Radlice<\/strong><\/td><td><strong>2015 &#8211; 20<\/strong>16<\/td><\/tr><tr><td><strong>28.05.2026 &#8211; 31.05.2026<\/strong><\/td><td><strong>Mistrovstv\u00ed \u010cR junior\u016f a U22 &#8211; 50m baz\u00e9n<\/strong><\/td><td><strong>50 m<\/strong><\/td><td><strong>\u00dast\u00ed nad Labem<\/strong><\/td><td><\/td><\/tr><tr><td><strong>06.06.2026 &#8211; 07.06.2026<\/strong><\/td><td><strong>Letn\u00ed mistrovstv\u00ed \u010cR star\u0161\u00edho \u017eactva<\/strong><\/td><td><strong>50 m<\/strong><\/td><td><strong>Brno-Lu\u017e\u00e1nky<\/strong><\/td><td><\/td><\/tr><tr><td><strong>06.06.2026 &#8211; 07.06.2026<\/strong><\/td><td><strong>Letn\u00ed mistrovstv\u00ed \u010cR mlad\u0161\u00edho \u017eactva<\/strong><\/td><td><strong>25 m<\/strong><\/td><td><strong>Trutnov<\/strong><\/td><td><\/td><\/tr><tr><td><strong>13.06.2026<\/strong><\/td><td><strong>Letn\u00ed poh\u00e1r desetilet\u00fdch &#8211; \u010cechy<\/strong><\/td><td><strong>25 m<\/strong><\/td><td><strong>Mlad\u00e1 Boleslav<\/strong><\/td><td><strong>2016<\/strong><\/td><\/tr><tr><td><strong>13.06.2026<\/strong><\/td><td><strong>Letn\u00ed poh\u00e1r jeden\u00e1ctilet\u00fdch &#8211; \u010cechy<\/strong><\/td><td><strong>25 m<\/strong><\/td><td><strong>P\u00edsek<\/strong><\/td><td><strong>2015<\/strong><\/td><\/tr><tr><td>22.06.2026 &#8211; 24.06.2026<\/td><td>Letn\u00ed olympi\u00e1da d\u011bt\u00ed a ml\u00e1de\u017ee 2026<\/td><td>50 m<\/td><td>Praha &#8211; Podol\u00ed<\/td><td><\/td><\/tr><tr><td><strong>25.06.2026 &#8211; 28.06.2026<\/strong><\/td><td><strong>Mistrovstv\u00ed \u010cR OPEN &#8211; 50m baz\u00e9n &#8211; 3. kolo \u010cP <\/strong><\/td><td><strong>50 m<\/strong> <\/td><td><strong>Praha &#8211; Podol\u00ed<\/strong><\/td><td><\/td><\/tr><\/tbody><\/table><\/figure>\n","protected":false},"excerpt":{"rendered":"<p>Term\u00ednov\u00e1 listina JARO 2026 Podrobn\u011bj\u0161\u00ed informace o z\u00e1vodech mo\u017en\u00e9 naj\u00edt zde: Term\u00ednov\u00e1 listina na str\u00e1nk\u00e1ch \u010cSPS Datum Jm\u00e9no Baz\u00e9n M\u00edsto V\u011bkov\u00e1 kategorie 10.01.2026 Neratovick\u00fd poh\u00e1r 25 m Neratovice 2016 a star\u0161\u00ed 17.01.2026 Vajgarsk\u00fd sn\u011bhul\u00e1k 25 m Jind\u0159ich\u016fv Hradec 17.01.2026 Mladoboleslavsk\u00e1 vlnka 25 Mlad\u00e1 Boleslav 2014 a mlad\u0161\u00ed 24.01.2026 M\u010cR dru\u017estev &#8211; krajsk\u00e9 kolo 25 m [&hellip;]<\/p>\n","protected":false},"author":1,"featured_media":0,"parent":0,"menu_order":0,"comment_status":"closed","ping_status":"closed","template":"","meta":{"om_disable_all_campaigns":false,"_monsterinsights_skip_tracking":false,"_monsterinsights_sitenote_active":false,"_monsterinsights_sitenote_note":"","_monsterinsights_sitenote_category":0,"footnotes":""},"aioseo_notices":[],"_links":{"self":[{"href":"https:\/\/slaviaplavani.cz\/index.php?rest_route=\/wp\/v2\/pages\/64"}],"collection":[{"href":"https:\/\/slaviaplavani.cz\/index.php?rest_route=\/wp\/v2\/pages"}],"about":[{"href":"https:\/\/slaviaplavani.cz\/index.php?rest_route=\/wp\/v2\/types\/page"}],"author":[{"embeddable":true,"href":"https:\/\/slaviaplavani.cz\/index.php?rest_route=\/wp\/v2\/users\/1"}],"replies":[{"embeddable":true,"href":"https:\/\/slaviaplavani.cz\/index.php?rest_route=%2Fwp%2Fv2%2Fcomments&post=64"}],"version-history":[{"count":53,"href":"https:\/\/slaviaplavani.cz\/index.php?rest_route=\/wp\/v2\/pages\/64\/revisions"}],"predecessor-version":[{"id":762,"href":"https:\/\/slaviaplavani.cz\/index.php?rest_route=\/wp\/v2\/pages\/64\/revisions\/762"}],"wp:attachment":[{"href":"https:\/\/slaviaplavani.cz\/index.php?rest_route=%2Fwp%2Fv2%2Fmedia&parent=64"}],"curies":[{"name":"wp","href":"https:\/\/api.w.org\/{rel}","templated":true}]}}