{"id":66,"date":"2023-10-22T12:29:00","date_gmt":"2023-10-22T10:29:00","guid":{"rendered":"https:\/\/slaviaplavani.cz\/?page_id=66"},"modified":"2024-01-27T20:49:23","modified_gmt":"2024-01-27T19:49:23","slug":"odkazy","status":"publish","type":"page","link":"https:\/\/slaviaplavani.cz\/?page_id=66","title":{"rendered":"Odkazy"},"content":{"rendered":"\n<p><strong>Plaveck\u00e9 webov\u00e9 str\u00e1nky, kter\u00e9 by v\u00e1s mohly zaj\u00edmat:<\/strong><\/p>\n\n\n\n<ul>\n<li><a href=\"https:\/\/plaveckaskola-praha10.cz\/\" target=\"_blank\" rel=\"noopener\" title=\"Plaveck\u00e1 \u0161kola Venduly Boub\u00ednov\u00e9\">Plaveck\u00e1 \u0161kola Venduly Boub\u00ednov\u00e9<\/a><\/li>\n\n\n\n<li><a href=\"http:\/\/www.czechswimming.cz\/\" target=\"_blank\" rel=\"noopener\" title=\"\u010cesk\u00fd svaz plaveck\u00fdch sport\u016f\">\u010cesk\u00fd svaz plaveck\u00fdch sport\u016f<\/a><\/li>\n\n\n\n<li><a href=\"http:\/\/www.prazskeplavani.cz\/\" target=\"_blank\" rel=\"noopener\" title=\"Pra\u017esk\u00fd plaveck\u00fd svaz\">Pra\u017esk\u00fd plaveck\u00fd svaz<\/a><\/li>\n\n\n\n<li><a href=\"http:\/\/www.plavani.info\/\" target=\"_blank\" rel=\"noopener\" title=\"D\u00e1lkov\u00e9 plav\u00e1n\u00ed\">D\u00e1lkov\u00e9 plav\u00e1n\u00ed<\/a><\/li>\n\n\n\n<li><a href=\"http:\/\/www.antidoping.cz\/\" target=\"_blank\" rel=\"noopener\" title=\"Antidopingov\u00fd v\u00fdbor \u010cR\">Antidopingov\u00fd v\u00fdbor \u010cR<\/a><\/li>\n\n\n\n<li><a href=\"http:\/\/www.triatlon.cz\/\" target=\"_blank\" rel=\"noopener\" title=\"\u010cesk\u00e1 triatlonov\u00e1 asociace\">\u010cesk\u00e1 triatlonov\u00e1 asociace<\/a><\/li>\n\n\n\n<li><a href=\"http:\/\/www.rozhodciplavani.cz\/\" target=\"_blank\" rel=\"noopener\" title=\"Rozhod\u010d\u00ed plav\u00e1n\u00ed - oblast Praha\">Rozhod\u010d\u00ed plav\u00e1n\u00ed &#8211; oblast Praha<\/a><\/li>\n<\/ul>\n\n\n\n<h4 class=\"wp-block-heading\">Dal\u0161\u00ed plaveck\u00e9 kluby:<\/h4>\n\n\n\n<ul>\n<li><a href=\"http:\/\/www.bohpraha.cz\/\" target=\"_blank\" rel=\"noopener\" title=\"TJ Bohemians Praha\">TJ Bohemians Praha<\/a><\/li>\n\n\n\n<li><a href=\"http:\/\/www.uskplavani.cz\" target=\"_blank\" rel=\"noopener\" title=\"\">USK Praha<\/a><\/li>\n\n\n\n<li><a href=\"http:\/\/www.olympplavani.cz\/\" target=\"_blank\" rel=\"noopener\" title=\"\">PSK Olymp Praha<\/a><\/li>\n\n\n\n<li><a href=\"http:\/\/www.skmop.cz\/\" target=\"_blank\" rel=\"noopener\" title=\"SK Motorlet Praha\">SK Motorlet Praha<\/a><\/li>\n\n\n\n<li><a href=\"http:\/\/www.kspkladno.cz\/\" target=\"_blank\" rel=\"noopener\" title=\"KSP Kladno\">KSP Kladno<\/a><\/li>\n\n\n\n<li><a href=\"http:\/\/www.bazenslovany.cz\/\" target=\"_blank\" rel=\"noopener\" title=\"PK Sl\u00e1via V\u0160 Plze\u0148\">PK Sl\u00e1via V\u0160 Plze\u0148<\/a><\/li>\n\n\n\n<li><a href=\"http:\/\/www.triatlon-tabor.cz\/\" target=\"_blank\" rel=\"noopener\" title=\"PK Triatlon T\u00e1bor\">PK Triatlon T\u00e1bor<\/a><\/li>\n\n\n\n<li><a href=\"http:\/\/slaviechomutov.cz\/\" target=\"_blank\" rel=\"noopener\" title=\"Sl\u00e1vie Chomutov\">Sl\u00e1vie Chomutov<\/a><\/li>\n\n\n\n<li><a href=\"http:\/\/prosen-plaveckyklub-cz3.webnode.cz\" target=\"_blank\" rel=\"noopener\" title=\"P\u0160 Prosen Louny\">P\u0160 Prosen Louny<\/a><\/li>\n\n\n\n<li><a href=\"http:\/\/www.pklit.cz\/\" target=\"_blank\" rel=\"noopener\" title=\"Plaveck\u00fd klub Litom\u011b\u0159ice\">Plaveck\u00fd klub Litom\u011b\u0159ice<\/a><\/li>\n\n\n\n<li><a href=\"http:\/\/tjstaryharcov.cz\" target=\"_blank\" rel=\"noopener\" title=\"TJ Star\u00fd Harcov\">TJ Star\u00fd Harcov<\/a><\/li>\n\n\n\n<li><a href=\"http:\/\/www.scpap.cz\/\" target=\"_blank\" rel=\"noopener\" title=\"SC Plaveck\u00fd are\u00e1l Pardubice\">SC Plaveck\u00fd are\u00e1l Pardubice<\/a><\/li>\n\n\n\n<li><a href=\"http:\/\/www.pkpar.cz\" target=\"_blank\" rel=\"noopener\" title=\"Plaveck\u00fd klub Pardubice\">Plaveck\u00fd klub Pardubice<\/a><\/li>\n\n\n\n<li><a href=\"https:\/\/www.pkhk.eu\/\" target=\"_blank\" rel=\"noopener\" title=\"Plaveck\u00fd klub Hradec Kr\u00e1lov\u00e9\">Plaveck\u00fd klub Hradec Kr\u00e1lov\u00e9<\/a><\/li>\n\n\n\n<li><a href=\"http:\/\/www.lokotrutnov.cz\/\" target=\"_blank\" rel=\"noopener\" title=\"TJ Lokomotiva Trutnov\">TJ Lokomotiva Trutnov<\/a><\/li>\n\n\n\n<li><a href=\"https:\/\/www.plaveckyklub-vysokemyto.cz\/\" target=\"_blank\" rel=\"noopener\" title=\"PK Vysok\u00e9 M\u00fdto\">PK Vysok\u00e9 M\u00fdto<\/a><\/li>\n\n\n\n<li><a href=\"https:\/\/www.jpkaxis.cz\/\" target=\"_blank\" rel=\"noopener\" title=\"Jihlavsk\u00fd plaveck\u00fd klub AXIS\">Jihlavsk\u00fd plaveck\u00fd klub AXIS<\/a><\/li>\n\n\n\n<li><a href=\"http:\/\/www.vskuniverzitabrno.cz\/plavani-a-skoky-do-vody\/\" target=\"_blank\" rel=\"noopener\" title=\"Univerzita Brno\">Univerzita Brno<\/a><\/li>\n\n\n\n<li><a href=\"http:\/\/www.kometaplavani.cz\/\" target=\"_blank\" rel=\"noopener\" title=\"KPSP Kometa Brno\">KPSP Kometa Brno<\/a><\/li>\n\n\n\n<li><a href=\"https:\/\/www.tjteslabrno.cz\/\" target=\"_blank\" rel=\"noopener\" title=\"TJ Tesla Brno\">TJ Tesla Brno<\/a><\/li>\n\n\n\n<li><a href=\"http:\/\/tj-prostejov.cz\/\" target=\"_blank\" rel=\"noopener\" title=\"TJ Prost\u011blov\">TJ Prost\u011blov<\/a><\/li>\n\n\n\n<li><a href=\"http:\/\/www.plaveckyklubzlin.cz\/cz\" target=\"_blank\" rel=\"noopener\" title=\"PK Zl\u00edn\">PK Zl\u00edn<\/a><\/li>\n\n\n\n<li><a href=\"https:\/\/www.pknj.cz\/\" target=\"_blank\" rel=\"noopener\" title=\"PK Nov\u00fd Ji\u010d\u00edn\">PK Nov\u00fd Ji\u010d\u00edn<\/a><\/li>\n\n\n\n<li><a href=\"https:\/\/www.kinplavani.cz\/\" target=\"_blank\" rel=\"noopener\" title=\"TJ Koh-i-noor \u010cesk\u00e9 Bud\u011bjovice\">TJ Koh-i-noor \u010cesk\u00e9 Bud\u011bjovice<\/a><\/li>\n\n\n\n<li><a href=\"https:\/\/www.plavanisokolov.cz\/\" target=\"_blank\" rel=\"noopener\" title=\"SK Plav\u00e1n\u00ed Sokolov\">SK Plav\u00e1n\u00ed Sokolov<\/a><\/li>\n\n\n\n<li><a href=\"https:\/\/plavani.jiskradomazlice.cz\/\" target=\"_blank\" rel=\"noopener\" title=\"TJ Jiskra Doma\u017elice\">TJ Jiskra Doma\u017elice<\/a><\/li>\n\n\n\n<li><a href=\"http:\/\/kosatkykarvina.cz\/\" target=\"_blank\" rel=\"noopener\" title=\"Kosatky Karvin\u00e1\">Kosatky Karvin\u00e1<\/a><\/li>\n\n\n\n<li><a href=\"https:\/\/skkoprivnice.cz\/\" target=\"_blank\" rel=\"noopener\" title=\"SK Kop\u0159ivnice\">SK Kop\u0159ivnice<\/a><\/li>\n\n\n\n<li><a href=\"https:\/\/www.uaps.cz\/\" target=\"_blank\" rel=\"noopener\" title=\"\u00dasteck\u00e1 akademie plaveck\u00fdch sport\u016f\">\u00dasteck\u00e1 akademie plaveck\u00fdch sport\u016f<\/a><\/li>\n\n\n\n<li><a href=\"http:\/\/www.znojemskeplavani.cz\/\" target=\"_blank\" rel=\"noopener\" title=\"TJ Znojmo\">TJ Znojmo<\/a><\/li>\n\n\n\n<li><a href=\"https:\/\/www.plavanizatec.cz\/\" target=\"_blank\" rel=\"noopener\" title=\"Jazzmani \u017datec - odd\u00edl plav\u00e1n\u00ed\">Jazzmani \u017datec &#8211; odd\u00edl plav\u00e1n\u00ed<\/a><\/li>\n<\/ul>\n","protected":false},"excerpt":{"rendered":"<p>Plaveck\u00e9 webov\u00e9 str\u00e1nky, kter\u00e9 by v\u00e1s mohly zaj\u00edmat: Dal\u0161\u00ed plaveck\u00e9 kluby:<\/p>\n","protected":false},"author":1,"featured_media":0,"parent":0,"menu_order":0,"comment_status":"closed","ping_status":"closed","template":"","meta":{"om_disable_all_campaigns":false,"_monsterinsights_skip_tracking":false,"_monsterinsights_sitenote_active":false,"_monsterinsights_sitenote_note":"","_monsterinsights_sitenote_category":0,"footnotes":""},"aioseo_notices":[],"_links":{"self":[{"href":"https:\/\/slaviaplavani.cz\/index.php?rest_route=\/wp\/v2\/pages\/66"}],"collection":[{"href":"https:\/\/slaviaplavani.cz\/index.php?rest_route=\/wp\/v2\/pages"}],"about":[{"href":"https:\/\/slaviaplavani.cz\/index.php?rest_route=\/wp\/v2\/types\/page"}],"author":[{"embeddable":true,"href":"https:\/\/slaviaplavani.cz\/index.php?rest_route=\/wp\/v2\/users\/1"}],"replies":[{"embeddable":true,"href":"https:\/\/slaviaplavani.cz\/index.php?rest_route=%2Fwp%2Fv2%2Fcomments&post=66"}],"version-history":[{"count":12,"href":"https:\/\/slaviaplavani.cz\/index.php?rest_route=\/wp\/v2\/pages\/66\/revisions"}],"predecessor-version":[{"id":185,"href":"https:\/\/slaviaplavani.cz\/index.php?rest_route=\/wp\/v2\/pages\/66\/revisions\/185"}],"wp:attachment":[{"href":"https:\/\/slaviaplavani.cz\/index.php?rest_route=%2Fwp%2Fv2%2Fmedia&parent=66"}],"curies":[{"name":"wp","href":"https:\/\/api.w.org\/{rel}","templated":true}]}}